{"id":276,"date":"2021-06-20T15:20:30","date_gmt":"2021-06-20T15:20:30","guid":{"rendered":"http:\/\/yoga-karana.de\/?page_id=276"},"modified":"2025-12-06T22:12:16","modified_gmt":"2025-12-06T22:12:16","slug":"276-2","status":"publish","type":"page","link":"http:\/\/yoga-karana.de\/","title":{"rendered":"Yoga-Karana"},"content":{"rendered":"<p>[et_pb_section fb_built=&#8220;1&#8243; _builder_version=&#8220;3.22&#8243; background_color=&#8220;#FAF6F2&#8243; custom_margin=&#8220;||16px|||&#8220; custom_padding=&#8220;7px||7px||true|false&#8220;][et_pb_row use_custom_gutter=&#8220;on&#8220; gutter_width=&#8220;2&#8243; make_equal=&#8220;on&#8220; _builder_version=&#8220;3.26.7&#8243; custom_padding=&#8220;4px||11px||false|false&#8220;][et_pb_column type=&#8220;4_4&#8243; _builder_version=&#8220;3.26.7&#8243;][et_pb_image src=&#8220;http:\/\/yoga-karana.de\/wp-content\/uploads\/2020\/02\/Katja-Logo-gro\u00df.png&#8220; _builder_version=&#8220;4.3.2&#8243; width=&#8220;49%&#8220; module_alignment=&#8220;center&#8220; custom_margin=&#8220;|||244px||&#8220; custom_padding=&#8220;0px|||||&#8220;][\/et_pb_image][\/et_pb_column][\/et_pb_row][et_pb_row _builder_version=&#8220;4.9.7&#8243; custom_margin=&#8220;-10px|auto||auto||&#8220; custom_padding=&#8220;61px|||||&#8220;][et_pb_column type=&#8220;4_4&#8243; _builder_version=&#8220;4.3.2&#8243;][et_pb_text _builder_version=&#8220;4.9.7&#8243; text_font=&#8220;Belleza||||||||&#8220; text_text_color=&#8220;#b5a46b&#8220; text_font_size=&#8220;19px&#8220; custom_margin=&#8220;||-32px|||&#8220; custom_padding=&#8220;0px||40px|2px||&#8220; inline_fonts=&#8220;Abhaya Libre&#8220;]<\/p>\n<h5 style=\"text-align: center;\" align=\"LEFT\"><strong style=\"font-family: 'Abhaya Libre'; font-size: 18px;\"><span style=\"font-size: x-large; color: #b5a46b;\">Namast\u00e9<\/span><\/strong><\/h5>\n<p style=\"text-align: center;\"><span style=\"color: #757575; font-family: inherit; font-size: large; font-weight: normal;\">Sch\u00f6n das du hier bist! <\/span><\/p>\n<p style=\"text-align: center;\"><span style=\"font-family: inherit; color: #757575; font-size: large;\"><span style=\"font-weight: normal;\">Mein Name ist Katja Rathjen und ich freue mich <\/span><span style=\"font-weight: normal;\">dich vielleicht bald in meinem Yogastudio in Roth willkommen hei\u00dfen zu k\u00f6nnen.<\/span><\/span><\/p>\n<p>[\/et_pb_text][\/et_pb_column][\/et_pb_row][\/et_pb_section][et_pb_section fb_built=&#8220;1&#8243; module_id=&#8220;Anker-3&#8243; _builder_version=&#8220;4.9.7&#8243; background_color=&#8220;#FAF6F2&#8243; min_height=&#8220;368px&#8220; custom_margin=&#8220;3px||-261px|||&#8220; custom_padding=&#8220;0px||61px|||&#8220;][et_pb_row column_structure=&#8220;1_4,3_4&#8243; _builder_version=&#8220;4.9.7&#8243; min_height=&#8220;100px&#8220; height=&#8220;334px&#8220; custom_margin=&#8220;-18px|auto||auto||&#8220; custom_padding=&#8220;||2px|||&#8220;][et_pb_column type=&#8220;1_4&#8243; _builder_version=&#8220;4.3.2&#8243;][et_pb_image src=&#8220;http:\/\/yoga-karana.de\/wp-content\/uploads\/2021\/06\/20210612-0R2A1981.jpg&#8220; alt=&#8220;Startbild&#8220; title_text=&#8220;20210612-0R2A1981&#8243; _builder_version=&#8220;4.9.7&#8243; hover_enabled=&#8220;0&#8243; border_width_all=&#8220;20px&#8220; border_color_all=&#8220;#ffffff&#8220; sticky_enabled=&#8220;0&#8243;][\/et_pb_image][\/et_pb_column][et_pb_column type=&#8220;3_4&#8243; _builder_version=&#8220;4.9.7&#8243; _module_preset=&#8220;default&#8220;][et_pb_text _builder_version=&#8220;4.9.7&#8243; _module_preset=&#8220;default&#8220; text_font=&#8220;Belleza||||||||&#8220; width=&#8220;100%&#8220; custom_padding=&#8220;|0px||||&#8220;]<\/p>\n<p style=\"text-align: center;\"><span style=\"color: #757575; font-family: inherit; font-size: large; font-weight: normal;\">Mein Ziel ist es, dass dich Yoga genauso begeistert wie mich. Yoga soll sich dem Menschen anpassen und nicht umgekehrt. K\u00f6rperliche F\u00e4higkeiten, Besonderheiten und deine Lebenssituation sind mir wichtig. Das bedeutet, ich vermittle Yoga so achtsam, individuell und respektvoll, dass es von allen Menschen ausge\u00fcbt werden kann &#8211; unabh\u00e4ngig vom Alter oder der k\u00f6rperlichen Leistungsf\u00e4higkeit. \u00a0<\/span><\/p>\n<p style=\"text-align: center;\">\n<p>[\/et_pb_text][et_pb_text _builder_version=&#8220;4.9.7&#8243; _module_preset=&#8220;default&#8220; text_font=&#8220;Belleza||||||||&#8220;]<\/p>\n<h5 style=\"text-align: center;\" align=\"LEFT\"><strong style=\"font-family: 'Abhaya Libre'; font-size: 18px;\"><span style=\"font-size: x-large; color: #b5a46b;\">Karana<\/span><\/strong><\/h5>\n<p style=\"text-align: center;\"><span style=\"color: #757575; font-family: inherit; font-size: large; font-weight: normal;\">Karana ist ein Sanskritwort und bedeutet Ursache, Ursprung und Motiv. Im Hatha Yoga bedeutet es ebenso Bewegungsabfolge. Auch Abfolgen von Asanas, die hintereinander im Yoga Flow &#8211; ge\u00fcbt werden. Diese Bedeutung und das Wortspiel mit meinem Namen finde ich so wunderbar passend &#8211; daher die Namensgebung. Mein Unterrichtsstil zeichnet sich durch die N\u00e4he zum klassischen Hatha Yoga aus. L\u00e4nger gehaltene Positionen bei denen die Ausrichtung im Fokus steht. Das kombiniere ich mit flie\u00dfenden Sequenzen. Gerade das Atem und Bewegung bewusst verbinden sowie die Vermittlung der therapeutischen Ausrichtungsprinzipien, ist ein hervorragender Einstieg in die Yogapraxis. <\/span><\/p>\n<p style=\"text-align: center;\">\n<p>[\/et_pb_text][\/et_pb_column][\/et_pb_row][et_pb_row _builder_version=&#8220;4.9.7&#8243; custom_margin=&#8220;-3px|auto||auto||&#8220;][et_pb_column type=&#8220;4_4&#8243; _builder_version=&#8220;4.3.2&#8243;][et_pb_text _builder_version=&#8220;4.9.7&#8243; text_font=&#8220;Belleza||||||||&#8220; text_text_color=&#8220;#b5a46b&#8220; text_font_size=&#8220;19px&#8220; min_height=&#8220;35px&#8220; height=&#8220;100px&#8220; max_height=&#8220;100px&#8220; custom_padding=&#8220;||40px|2px||&#8220;]<\/p>\n<h5 style=\"text-align: center;\" align=\"LEFT\"><\/h5>\n<h5 style=\"text-align: center;\" align=\"LEFT\"><\/h5>\n<h5 style=\"text-align: center;\" align=\"LEFT\"><\/h5>\n<h4 style=\"text-align: center;\"><span style=\"font-family: 'Abhaya Libre';\"><strong><span style=\"font-size: x-large; color: #b5a46b;\">Nichts \u00e4ndert sich, bis man sich selbst \u00e4ndert und pl\u00f6tzlich \u00e4ndert sich Alles<\/span><\/strong><\/span><\/h4>\n<h5 style=\"text-align: center;\" align=\"LEFT\"><\/h5>\n<p>[\/et_pb_text][\/et_pb_column][\/et_pb_row][et_pb_row column_structure=&#8220;2_3,1_3&#8243; _builder_version=&#8220;4.9.7&#8243; min_height=&#8220;100px&#8220; custom_margin=&#8220;-72px|auto|0px|auto||&#8220; custom_padding=&#8220;||39px|||&#8220;][et_pb_column type=&#8220;2_3&#8243; _builder_version=&#8220;4.3.2&#8243;][et_pb_text _builder_version=&#8220;4.9.7&#8243; _module_preset=&#8220;default&#8220; text_font=&#8220;Belleza||||||||&#8220;]<\/p>\n<h5 style=\"text-align: center;\" align=\"LEFT\"><\/h5>\n<p style=\"text-align: center;\"><span style=\"color: #757575; font-family: inherit; font-size: large; font-weight: normal;\">Der Weg des Ver\u00e4nderns begann f\u00fcr mich 2009 als ich Yoga entdeckte. Meine gro\u00dfartigen Yogalehrer haben mir sehr viel \u00fcber Yoga, die korrekte Ausrichtung, den achtsamen Atem und \u00fcber mich selbst beigebracht. Au\u00dferdem haben sich ganz nebenbei meine k\u00f6rperlichen Beschwerden aufgel\u00f6st. Das war und ist so bereichernd, dass mir schnell klar war, dass ich tiefer eintauchen wollte. Nachdem meine Kinder ein Alter erreicht hatten bei dem ich entspannt Zeit investieren konnte, begann ich 2016 mit meiner ersten Yoga Ausbildung. Seid 2018 unterrichte ich, gebe mein Wissen an meine Sch\u00fcler weiter, und bleibe dennoch selbst immer Sch\u00fcler. Neben meinen Yogalehrern sind mir meine Sch\u00fcler die besten Lehrer.\u00a0<\/span><\/p>\n<p style=\"text-align: center;\">\n<p>[\/et_pb_text][et_pb_text _builder_version=&#8220;4.9.7&#8243; _module_preset=&#8220;default&#8220; text_font=&#8220;Belleza||||||||&#8220; text_orientation=&#8220;center&#8220;]<\/p>\n<h5 style=\"text-align: center;\" align=\"LEFT\"><span style=\"color: #757575; font-family: inherit; font-size: 18px;\">\u00a0 \u00a0Meine Qualifikationen<\/span><\/h5>\n<p style=\"text-align: center;\"><span style=\"color: #757575; font-family: inherit; font-size: large; font-weight: normal;\">\u00a0Ausbildung 200h + 300h &#8211; klassisches Hatha Yoga, Richard Hackenberg<\/span><\/p>\n<p style=\"text-align: center;\"><span style=\"color: #757575; font-family: inherit; font-size: large; font-weight: normal;\">\u00a0<\/span><span style=\"color: #757575; font-family: inherit; font-size: large; font-weight: normal;\">Fortbildung 50h &#8211; Pranayama Indeep, Richard Hackenberg<\/span><\/p>\n<p style=\"text-align: center;\"><span style=\"color: #757575; font-family: inherit; font-size: large; font-weight: normal;\">Fortbildung 19h -Yoga Therapie, Doug Keller\u00a0<\/span><\/p>\n<p style=\"text-align: center;\"><span style=\"color: #757575; font-family: inherit; font-size: large; font-weight: normal;\">Fortbildung 100h &#8211; Yoga Therapie, Richard Hackenberg<\/span><\/p>\n<p style=\"text-align: center;\"><span style=\"color: #757575; font-family: inherit; font-size: large; font-weight: normal;\">Fortbildung 14h &#8211; Chakren, Meret Hackenberg<\/span><\/p>\n<p style=\"text-align: center;\"><span style=\"color: #757575; font-family: inherit; font-size: large; font-weight: normal;\">Fortbildung 30h &#8211; Advanced Anatomie, Beate Meyer<\/span><\/p>\n<p style=\"text-align: center;\">\n<p>[\/et_pb_text][\/et_pb_column][et_pb_column type=&#8220;1_3&#8243; _builder_version=&#8220;4.3.2&#8243;][et_pb_image src=&#8220;http:\/\/yoga-karana.de\/wp-content\/uploads\/2021\/06\/Design-ohne-Titel-14.png&#8220; _builder_version=&#8220;4.9.7&#8243; custom_margin=&#8220;||10px|||&#8220; custom_padding=&#8220;93px||7px|||&#8220; border_width_all=&#8220;20px&#8220; border_color_all=&#8220;#ffffff&#8220;][\/et_pb_image][\/et_pb_column][\/et_pb_row][et_pb_row _builder_version=&#8220;4.9.7&#8243; _module_preset=&#8220;default&#8220;][et_pb_column type=&#8220;4_4&#8243; _builder_version=&#8220;4.9.7&#8243; _module_preset=&#8220;default&#8220;][et_pb_text _builder_version=&#8220;4.9.7&#8243; _module_preset=&#8220;default&#8220;]<\/p>\n<h5 style=\"text-align: center;\" align=\"LEFT\"><strong style=\"font-family: 'Abhaya Libre'; font-size: 18px;\"><span style=\"font-size: x-large; color: #b5a46b;\">Vielleicht bist du schon\u00a0 mitten am Yogaweg oder gerade am Anfang.<\/span><\/strong><\/h5>\n<h4 style=\"text-align: center;\"><span style=\"font-family: 'Abhaya Libre';\"><strong><span style=\"font-size: x-large; color: #b5a46b;\"> Ein so bereichernder Weg bei dem das Lernen nie aufh\u00f6ren wird. <\/span><\/strong><\/span><\/h4>\n<h4 style=\"text-align: center;\"><span style=\"font-family: 'Abhaya Libre';\"><strong><span style=\"font-size: x-large; color: #b5a46b;\">Wie wunderbar, so wird es nie mehr Langweile in Deinem Leben geben und die Reise zu dir selbst beginnt. <\/span><\/strong><\/span><\/h4>\n<h4 style=\"text-align: center;\"><span style=\"font-family: 'Abhaya Libre';\"><strong><span style=\"font-size: x-large; color: #b5a46b;\">Ganz egal wo du stehst, ich freue mich, wenn ich dich begleiten darf.<\/span><\/strong><\/span><\/h4>\n<h5 style=\"text-align: center;\" align=\"LEFT\"><\/h5>\n<p>[\/et_pb_text][\/et_pb_column][\/et_pb_row][\/et_pb_section]<\/p>\n","protected":false},"excerpt":{"rendered":"<p>[et_pb_section fb_built=&#8220;1&#8243; _builder_version=&#8220;3.22&#8243; background_color=&#8220;#FAF6F2&#8243; custom_margin=&#8220;||16px|||&#8220; custom_padding=&#8220;7px||7px||true|false&#8220;][et_pb_row use_custom_gutter=&#8220;on&#8220; gutter_width=&#8220;2&#8243; make_equal=&#8220;on&#8220; _builder_version=&#8220;3.26.7&#8243; custom_padding=&#8220;4px||11px||false|false&#8220;][et_pb_column type=&#8220;4_4&#8243; _builder_version=&#8220;3.26.7&#8243;][et_pb_image src=&#8220;http:\/\/yoga-karana.de\/wp-content\/uploads\/2020\/02\/Katja-Logo-gro\u00df.png&#8220; _builder_version=&#8220;4.3.2&#8243; width=&#8220;49%&#8220; module_alignment=&#8220;center&#8220; custom_margin=&#8220;|||244px||&#8220; custom_padding=&#8220;0px|||||&#8220;][\/et_pb_image][\/et_pb_column][\/et_pb_row][et_pb_row _builder_version=&#8220;4.9.7&#8243; custom_margin=&#8220;-10px|auto||auto||&#8220; custom_padding=&#8220;61px|||||&#8220;][et_pb_column type=&#8220;4_4&#8243; _builder_version=&#8220;4.3.2&#8243;][et_pb_text _builder_version=&#8220;4.9.7&#8243; text_font=&#8220;Belleza||||||||&#8220; text_text_color=&#8220;#b5a46b&#8220; text_font_size=&#8220;19px&#8220; custom_margin=&#8220;||-32px|||&#8220; custom_padding=&#8220;0px||40px|2px||&#8220; inline_fonts=&#8220;Abhaya Libre&#8220;] Namast\u00e9 Sch\u00f6n das du hier bist! Mein Name ist Katja Rathjen und ich freue mich dich vielleicht bald in meinem Yogastudio in Roth [&hellip;]<\/p>\n","protected":false},"author":1,"featured_media":0,"parent":0,"menu_order":0,"comment_status":"closed","ping_status":"closed","template":"","meta":{"_et_pb_use_builder":"on","_et_pb_old_content":"","_et_gb_content_width":"","footnotes":""},"class_list":["post-276","page","type-page","status-publish","hentry"],"_links":{"self":[{"href":"http:\/\/yoga-karana.de\/index.php?rest_route=\/wp\/v2\/pages\/276","targetHints":{"allow":["GET"]}}],"collection":[{"href":"http:\/\/yoga-karana.de\/index.php?rest_route=\/wp\/v2\/pages"}],"about":[{"href":"http:\/\/yoga-karana.de\/index.php?rest_route=\/wp\/v2\/types\/page"}],"author":[{"embeddable":true,"href":"http:\/\/yoga-karana.de\/index.php?rest_route=\/wp\/v2\/users\/1"}],"replies":[{"embeddable":true,"href":"http:\/\/yoga-karana.de\/index.php?rest_route=%2Fwp%2Fv2%2Fcomments&post=276"}],"version-history":[{"count":60,"href":"http:\/\/yoga-karana.de\/index.php?rest_route=\/wp\/v2\/pages\/276\/revisions"}],"predecessor-version":[{"id":649,"href":"http:\/\/yoga-karana.de\/index.php?rest_route=\/wp\/v2\/pages\/276\/revisions\/649"}],"wp:attachment":[{"href":"http:\/\/yoga-karana.de\/index.php?rest_route=%2Fwp%2Fv2%2Fmedia&parent=276"}],"curies":[{"name":"wp","href":"https:\/\/api.w.org\/{rel}","templated":true}]}}